{"id":9,"date":"2025-03-14T05:03:20","date_gmt":"2025-03-14T05:03:20","guid":{"rendered":"https:\/\/edelweiss-services.ch\/?page_id=9"},"modified":"2026-04-14T08:17:01","modified_gmt":"2026-04-14T06:17:01","slug":"ueber-uns","status":"publish","type":"page","link":"https:\/\/edelweiss-services.ch\/de\/ueber-uns\/","title":{"rendered":"\u00dcber uns"},"content":{"rendered":"<h1 style=\"text-align: left;\">WER SIND DIE DENN?<\/h1>\n<h2 style=\"text-align: left;\" data-start=\"1043\" data-end=\"1498\"><strong>Die Crew<\/strong><\/h2>\n<p style=\"text-align: left;\">Unsere Crew ist bunt gemischt, eingespielt und t\u00e4glich hoch motiviert. Jeder bringt sein Fachwissen ein, und durch regelm\u00e4\u00dfige Schulungen, innovative Reinigungstechniken und hochwertige Produkte sorgt das Team von Edelweiss Services daf\u00fcr, dass jeder Service reibungslos und mit h\u00f6chster Qualit\u00e4t umgesetzt wird.<\/p>\n<h1 style=\"text-align: left;\"><a style=\"font-size: 16px;\" href=\"https:\/\/edelweiss-services.ch\/wp-content\/uploads\/2026\/03\/Meet-the-Team-GEPOSTET-am-13.09.25-.mov\">Meet the Team HERE<\/a><\/h1>\n","protected":false},"excerpt":{"rendered":"<p>WER SIND DIE DENN? Die Crew Unsere Crew ist bunt gemischt, eingespielt und t\u00e4glich hoch motiviert. Jeder bringt sein Fachwissen ein, und durch regelm\u00e4\u00dfige Schulungen, innovative Reinigungstechniken und hochwertige Produkte sorgt das Team von Edelweiss Services daf\u00fcr, dass jeder Service reibungslos und mit h\u00f6chster Qualit\u00e4t umgesetzt wird. Meet the Team HERE<\/p>\n","protected":false},"author":1,"featured_media":0,"parent":0,"menu_order":0,"comment_status":"closed","ping_status":"closed","template":"unterseite-kachel.php","meta":{"_acf_changed":false,"footnotes":""},"class_list":["post-9","page","type-page","status-publish","hentry"],"acf":[],"yoast_head":"<!-- This site is optimized with the Yoast SEO plugin v25.2 - https:\/\/yoast.com\/wordpress\/plugins\/seo\/ -->\n<title>\u00dcber uns - Edelweiss Services<\/title>\n<meta name=\"robots\" content=\"index, follow, max-snippet:-1, max-image-preview:large, max-video-preview:-1\" \/>\n<link rel=\"canonical\" href=\"https:\/\/edelweiss-services.ch\/de\/ueber-uns\/\" \/>\n<meta property=\"og:locale\" content=\"de_DE\" \/>\n<meta property=\"og:type\" content=\"article\" \/>\n<meta property=\"og:title\" content=\"\u00dcber uns - Edelweiss Services\" \/>\n<meta property=\"og:description\" content=\"WER SIND DIE DENN? Die Crew Unsere Crew ist bunt gemischt, eingespielt und t\u00e4glich hoch motiviert. Jeder bringt sein Fachwissen ein, und durch regelm\u00e4\u00dfige Schulungen, innovative Reinigungstechniken und hochwertige Produkte sorgt das Team von Edelweiss Services daf\u00fcr, dass jeder Service reibungslos und mit h\u00f6chster Qualit\u00e4t umgesetzt wird. Meet the Team HERE\" \/>\n<meta property=\"og:url\" content=\"https:\/\/edelweiss-services.ch\/de\/ueber-uns\/\" \/>\n<meta property=\"og:site_name\" content=\"Edelweiss Services\" \/>\n<meta property=\"article:modified_time\" content=\"2026-04-14T06:17:01+00:00\" \/>\n<meta name=\"twitter:card\" content=\"summary_large_image\" \/>\n<meta name=\"twitter:label1\" content=\"Gesch\u00e4tzte Lesezeit\" \/>\n\t<meta name=\"twitter:data1\" content=\"1\u00a0Minute\" \/>\n<script type=\"application\/ld+json\" class=\"yoast-schema-graph\">{\"@context\":\"https:\/\/schema.org\",\"@graph\":[{\"@type\":\"WebPage\",\"@id\":\"https:\/\/edelweiss-services.ch\/de\/ueber-uns\/\",\"url\":\"https:\/\/edelweiss-services.ch\/de\/ueber-uns\/\",\"name\":\"\u00dcber uns - Edelweiss Services\",\"isPartOf\":{\"@id\":\"https:\/\/edelweiss-services.ch\/de\/#website\"},\"datePublished\":\"2025-03-14T05:03:20+00:00\",\"dateModified\":\"2026-04-14T06:17:01+00:00\",\"breadcrumb\":{\"@id\":\"https:\/\/edelweiss-services.ch\/de\/ueber-uns\/#breadcrumb\"},\"inLanguage\":\"de\",\"potentialAction\":[{\"@type\":\"ReadAction\",\"target\":[\"https:\/\/edelweiss-services.ch\/de\/ueber-uns\/\"]}]},{\"@type\":\"BreadcrumbList\",\"@id\":\"https:\/\/edelweiss-services.ch\/de\/ueber-uns\/#breadcrumb\",\"itemListElement\":[{\"@type\":\"ListItem\",\"position\":1,\"name\":\"Startseite\",\"item\":\"https:\/\/edelweiss-services.ch\/de\/\"},{\"@type\":\"ListItem\",\"position\":2,\"name\":\"\u00dcber uns\"}]},{\"@type\":\"WebSite\",\"@id\":\"https:\/\/edelweiss-services.ch\/de\/#website\",\"url\":\"https:\/\/edelweiss-services.ch\/de\/\",\"name\":\"https:\/\/edelweiss-services.ch\",\"description\":\"\",\"potentialAction\":[{\"@type\":\"SearchAction\",\"target\":{\"@type\":\"EntryPoint\",\"urlTemplate\":\"https:\/\/edelweiss-services.ch\/de\/?s={search_term_string}\"},\"query-input\":{\"@type\":\"PropertyValueSpecification\",\"valueRequired\":true,\"valueName\":\"search_term_string\"}}],\"inLanguage\":\"de\"}]}<\/script>\n<!-- \/ Yoast SEO plugin. -->","yoast_head_json":{"title":"\u00dcber uns - Edelweiss Services","robots":{"index":"index","follow":"follow","max-snippet":"max-snippet:-1","max-image-preview":"max-image-preview:large","max-video-preview":"max-video-preview:-1"},"canonical":"https:\/\/edelweiss-services.ch\/de\/ueber-uns\/","og_locale":"de_DE","og_type":"article","og_title":"\u00dcber uns - Edelweiss Services","og_description":"WER SIND DIE DENN? Die Crew Unsere Crew ist bunt gemischt, eingespielt und t\u00e4glich hoch motiviert. Jeder bringt sein Fachwissen ein, und durch regelm\u00e4\u00dfige Schulungen, innovative Reinigungstechniken und hochwertige Produkte sorgt das Team von Edelweiss Services daf\u00fcr, dass jeder Service reibungslos und mit h\u00f6chster Qualit\u00e4t umgesetzt wird. Meet the Team HERE","og_url":"https:\/\/edelweiss-services.ch\/de\/ueber-uns\/","og_site_name":"Edelweiss Services","article_modified_time":"2026-04-14T06:17:01+00:00","twitter_card":"summary_large_image","twitter_misc":{"Gesch\u00e4tzte Lesezeit":"1\u00a0Minute"},"schema":{"@context":"https:\/\/schema.org","@graph":[{"@type":"WebPage","@id":"https:\/\/edelweiss-services.ch\/de\/ueber-uns\/","url":"https:\/\/edelweiss-services.ch\/de\/ueber-uns\/","name":"\u00dcber uns - Edelweiss Services","isPartOf":{"@id":"https:\/\/edelweiss-services.ch\/de\/#website"},"datePublished":"2025-03-14T05:03:20+00:00","dateModified":"2026-04-14T06:17:01+00:00","breadcrumb":{"@id":"https:\/\/edelweiss-services.ch\/de\/ueber-uns\/#breadcrumb"},"inLanguage":"de","potentialAction":[{"@type":"ReadAction","target":["https:\/\/edelweiss-services.ch\/de\/ueber-uns\/"]}]},{"@type":"BreadcrumbList","@id":"https:\/\/edelweiss-services.ch\/de\/ueber-uns\/#breadcrumb","itemListElement":[{"@type":"ListItem","position":1,"name":"Startseite","item":"https:\/\/edelweiss-services.ch\/de\/"},{"@type":"ListItem","position":2,"name":"\u00dcber uns"}]},{"@type":"WebSite","@id":"https:\/\/edelweiss-services.ch\/de\/#website","url":"https:\/\/edelweiss-services.ch\/de\/","name":"https:\/\/edelweiss-services.ch","description":"","potentialAction":[{"@type":"SearchAction","target":{"@type":"EntryPoint","urlTemplate":"https:\/\/edelweiss-services.ch\/de\/?s={search_term_string}"},"query-input":{"@type":"PropertyValueSpecification","valueRequired":true,"valueName":"search_term_string"}}],"inLanguage":"de"}]}},"_links":{"self":[{"href":"https:\/\/edelweiss-services.ch\/de\/wp-json\/wp\/v2\/pages\/9","targetHints":{"allow":["GET"]}}],"collection":[{"href":"https:\/\/edelweiss-services.ch\/de\/wp-json\/wp\/v2\/pages"}],"about":[{"href":"https:\/\/edelweiss-services.ch\/de\/wp-json\/wp\/v2\/types\/page"}],"author":[{"embeddable":true,"href":"https:\/\/edelweiss-services.ch\/de\/wp-json\/wp\/v2\/users\/1"}],"replies":[{"embeddable":true,"href":"https:\/\/edelweiss-services.ch\/de\/wp-json\/wp\/v2\/comments?post=9"}],"version-history":[{"count":30,"href":"https:\/\/edelweiss-services.ch\/de\/wp-json\/wp\/v2\/pages\/9\/revisions"}],"predecessor-version":[{"id":2402,"href":"https:\/\/edelweiss-services.ch\/de\/wp-json\/wp\/v2\/pages\/9\/revisions\/2402"}],"wp:attachment":[{"href":"https:\/\/edelweiss-services.ch\/de\/wp-json\/wp\/v2\/media?parent=9"}],"curies":[{"name":"wp","href":"https:\/\/api.w.org\/{rel}","templated":true}]}}