{"id":13,"date":"2025-03-14T05:03:42","date_gmt":"2025-03-14T05:03:42","guid":{"rendered":"https:\/\/edelweiss-services.ch\/?page_id=13"},"modified":"2026-04-03T09:04:28","modified_gmt":"2026-04-03T07:04:28","slug":"hauswartung","status":"publish","type":"page","link":"https:\/\/edelweiss-services.ch\/de\/hauswartung\/","title":{"rendered":"Hauswartung"},"content":{"rendered":"<h5>Hauswartungen<\/h5>\n<h1>Edelweiss Services \u00fcbernimmt Wartung und Unterhalt f\u00fcr Wohn- und Gesch\u00e4ftsobjekte, behebt M\u00e4ngel, organisiert Handwerker und spart langfristig Kosten.<\/h1>\n","protected":false},"excerpt":{"rendered":"<p>Hauswartungen Edelweiss Services \u00fcbernimmt Wartung und Unterhalt f\u00fcr Wohn- und Gesch\u00e4ftsobjekte, behebt M\u00e4ngel, organisiert Handwerker und spart langfristig Kosten.<\/p>\n","protected":false},"author":1,"featured_media":0,"parent":0,"menu_order":0,"comment_status":"closed","ping_status":"closed","template":"unterseite-kachel.php","meta":{"_acf_changed":false,"footnotes":""},"class_list":["post-13","page","type-page","status-publish","hentry"],"acf":[],"yoast_head":"<!-- This site is optimized with the Yoast SEO plugin v25.2 - https:\/\/yoast.com\/wordpress\/plugins\/seo\/ -->\n<title>Hauswartung - Edelweiss Services<\/title>\n<meta name=\"robots\" content=\"index, follow, max-snippet:-1, max-image-preview:large, max-video-preview:-1\" \/>\n<link rel=\"canonical\" href=\"https:\/\/edelweiss-services.ch\/de\/hauswartung\/\" \/>\n<meta property=\"og:locale\" content=\"de_DE\" \/>\n<meta property=\"og:type\" content=\"article\" \/>\n<meta property=\"og:title\" content=\"Hauswartung - Edelweiss Services\" \/>\n<meta property=\"og:description\" content=\"Hauswartungen Edelweiss Services \u00fcbernimmt Wartung und Unterhalt f\u00fcr Wohn- und Gesch\u00e4ftsobjekte, behebt M\u00e4ngel, organisiert Handwerker und spart langfristig Kosten.\" \/>\n<meta property=\"og:url\" content=\"https:\/\/edelweiss-services.ch\/de\/hauswartung\/\" \/>\n<meta property=\"og:site_name\" content=\"Edelweiss Services\" \/>\n<meta property=\"article:modified_time\" content=\"2026-04-03T07:04:28+00:00\" \/>\n<meta name=\"twitter:card\" content=\"summary_large_image\" \/>\n<meta name=\"twitter:label1\" content=\"Gesch\u00e4tzte Lesezeit\" \/>\n\t<meta name=\"twitter:data1\" content=\"1\u00a0Minute\" \/>\n<script type=\"application\/ld+json\" class=\"yoast-schema-graph\">{\"@context\":\"https:\/\/schema.org\",\"@graph\":[{\"@type\":\"WebPage\",\"@id\":\"https:\/\/edelweiss-services.ch\/de\/hauswartung\/\",\"url\":\"https:\/\/edelweiss-services.ch\/de\/hauswartung\/\",\"name\":\"Hauswartung - Edelweiss Services\",\"isPartOf\":{\"@id\":\"https:\/\/edelweiss-services.ch\/de\/#website\"},\"datePublished\":\"2025-03-14T05:03:42+00:00\",\"dateModified\":\"2026-04-03T07:04:28+00:00\",\"breadcrumb\":{\"@id\":\"https:\/\/edelweiss-services.ch\/de\/hauswartung\/#breadcrumb\"},\"inLanguage\":\"de\",\"potentialAction\":[{\"@type\":\"ReadAction\",\"target\":[\"https:\/\/edelweiss-services.ch\/de\/hauswartung\/\"]}]},{\"@type\":\"BreadcrumbList\",\"@id\":\"https:\/\/edelweiss-services.ch\/de\/hauswartung\/#breadcrumb\",\"itemListElement\":[{\"@type\":\"ListItem\",\"position\":1,\"name\":\"Startseite\",\"item\":\"https:\/\/edelweiss-services.ch\/de\/\"},{\"@type\":\"ListItem\",\"position\":2,\"name\":\"Hauswartung\"}]},{\"@type\":\"WebSite\",\"@id\":\"https:\/\/edelweiss-services.ch\/de\/#website\",\"url\":\"https:\/\/edelweiss-services.ch\/de\/\",\"name\":\"https:\/\/edelweiss-services.ch\",\"description\":\"\",\"potentialAction\":[{\"@type\":\"SearchAction\",\"target\":{\"@type\":\"EntryPoint\",\"urlTemplate\":\"https:\/\/edelweiss-services.ch\/de\/?s={search_term_string}\"},\"query-input\":{\"@type\":\"PropertyValueSpecification\",\"valueRequired\":true,\"valueName\":\"search_term_string\"}}],\"inLanguage\":\"de\"}]}<\/script>\n<!-- \/ Yoast SEO plugin. -->","yoast_head_json":{"title":"Hauswartung - Edelweiss Services","robots":{"index":"index","follow":"follow","max-snippet":"max-snippet:-1","max-image-preview":"max-image-preview:large","max-video-preview":"max-video-preview:-1"},"canonical":"https:\/\/edelweiss-services.ch\/de\/hauswartung\/","og_locale":"de_DE","og_type":"article","og_title":"Hauswartung - Edelweiss Services","og_description":"Hauswartungen Edelweiss Services \u00fcbernimmt Wartung und Unterhalt f\u00fcr Wohn- und Gesch\u00e4ftsobjekte, behebt M\u00e4ngel, organisiert Handwerker und spart langfristig Kosten.","og_url":"https:\/\/edelweiss-services.ch\/de\/hauswartung\/","og_site_name":"Edelweiss Services","article_modified_time":"2026-04-03T07:04:28+00:00","twitter_card":"summary_large_image","twitter_misc":{"Gesch\u00e4tzte Lesezeit":"1\u00a0Minute"},"schema":{"@context":"https:\/\/schema.org","@graph":[{"@type":"WebPage","@id":"https:\/\/edelweiss-services.ch\/de\/hauswartung\/","url":"https:\/\/edelweiss-services.ch\/de\/hauswartung\/","name":"Hauswartung - Edelweiss Services","isPartOf":{"@id":"https:\/\/edelweiss-services.ch\/de\/#website"},"datePublished":"2025-03-14T05:03:42+00:00","dateModified":"2026-04-03T07:04:28+00:00","breadcrumb":{"@id":"https:\/\/edelweiss-services.ch\/de\/hauswartung\/#breadcrumb"},"inLanguage":"de","potentialAction":[{"@type":"ReadAction","target":["https:\/\/edelweiss-services.ch\/de\/hauswartung\/"]}]},{"@type":"BreadcrumbList","@id":"https:\/\/edelweiss-services.ch\/de\/hauswartung\/#breadcrumb","itemListElement":[{"@type":"ListItem","position":1,"name":"Startseite","item":"https:\/\/edelweiss-services.ch\/de\/"},{"@type":"ListItem","position":2,"name":"Hauswartung"}]},{"@type":"WebSite","@id":"https:\/\/edelweiss-services.ch\/de\/#website","url":"https:\/\/edelweiss-services.ch\/de\/","name":"https:\/\/edelweiss-services.ch","description":"","potentialAction":[{"@type":"SearchAction","target":{"@type":"EntryPoint","urlTemplate":"https:\/\/edelweiss-services.ch\/de\/?s={search_term_string}"},"query-input":{"@type":"PropertyValueSpecification","valueRequired":true,"valueName":"search_term_string"}}],"inLanguage":"de"}]}},"_links":{"self":[{"href":"https:\/\/edelweiss-services.ch\/de\/wp-json\/wp\/v2\/pages\/13","targetHints":{"allow":["GET"]}}],"collection":[{"href":"https:\/\/edelweiss-services.ch\/de\/wp-json\/wp\/v2\/pages"}],"about":[{"href":"https:\/\/edelweiss-services.ch\/de\/wp-json\/wp\/v2\/types\/page"}],"author":[{"embeddable":true,"href":"https:\/\/edelweiss-services.ch\/de\/wp-json\/wp\/v2\/users\/1"}],"replies":[{"embeddable":true,"href":"https:\/\/edelweiss-services.ch\/de\/wp-json\/wp\/v2\/comments?post=13"}],"version-history":[{"count":24,"href":"https:\/\/edelweiss-services.ch\/de\/wp-json\/wp\/v2\/pages\/13\/revisions"}],"predecessor-version":[{"id":2375,"href":"https:\/\/edelweiss-services.ch\/de\/wp-json\/wp\/v2\/pages\/13\/revisions\/2375"}],"wp:attachment":[{"href":"https:\/\/edelweiss-services.ch\/de\/wp-json\/wp\/v2\/media?parent=13"}],"curies":[{"name":"wp","href":"https:\/\/api.w.org\/{rel}","templated":true}]}}